{"id":1480,"date":"2025-08-29T11:09:00","date_gmt":"2025-08-29T11:09:00","guid":{"rendered":"https:\/\/ecoscape-project.eu\/?page_id=1480"},"modified":"2025-08-29T12:20:58","modified_gmt":"2025-08-29T12:20:58","slug":"cookie-policy","status":"publish","type":"page","link":"https:\/\/ecoscape-project.eu\/hr\/cookie-policy\/","title":{"rendered":"Pravila o kola\u010di\u0107ima"},"content":{"rendered":"<style>.wp-block-kadence-spacer.kt-block-spacer-1480_a2146c-8c .kt-block-spacer{height:60px;}.wp-block-kadence-spacer.kt-block-spacer-1480_a2146c-8c .kt-divider{border-top-width:1px;height:1px;border-top-color:#eee;width:80%;border-top-style:solid;}<\/style>\n<div class=\"wp-block-kadence-spacer aligncenter kt-block-spacer-1480_a2146c-8c\"><div class=\"kt-block-spacer kt-block-spacer-halign-center\"><hr class=\"kt-divider\"\/><\/div><\/div>\n\n\n<style>.wp-block-kadence-spacer.kt-block-spacer-1480_e0859a-9c .kt-block-spacer{height:60px;}.wp-block-kadence-spacer.kt-block-spacer-1480_e0859a-9c .kt-divider{border-top-width:1px;height:1px;border-top-color:#eee;width:80%;border-top-style:solid;}<\/style>\n<div class=\"wp-block-kadence-spacer aligncenter kt-block-spacer-1480_e0859a-9c\"><div class=\"kt-block-spacer kt-block-spacer-halign-center\"><hr class=\"kt-divider\"\/><\/div><\/div>\n\n\n\n<p><strong>Pravila o kola\u010di\u0107ima<\/strong>&nbsp;<\/p>\n\n\n\n<p>Na ovoj web stranici koristimo kola\u010di\u0107e i sli\u010dne tehnologije kako bismo osigurali funkcionalnost, pobolj\u0161ali korisni\u010dko iskustvo i analizirali promet na web stranici u skladu s Op\u0107om uredbom o za\u0161titi podataka (EU) 2016\/679 (GDPR).&nbsp;<\/p>\n\n\n\n<p><strong>1. \u0160to su kola\u010di\u0107i?<\/strong>&nbsp;<\/p>\n\n\n\n<p>Kola\u010di\u0107i su male tekstualne datoteke koje se pohranjuju na va\u0161 ure\u0111aj kada posjetite web-stranicu. Poma\u017eu u pam\u0107enju korisni\u010dkih radnji i preferencija, omogu\u0107uju\u0107i osnovne zna\u010dajke web-stranice i analiti\u010dke funkcionalnosti.&nbsp;<\/p>\n\n\n\n<p><strong>2. Koje vrste kola\u010di\u0107a mo\u017eemo koristiti<\/strong>&nbsp;<\/p>\n\n\n\n<ul class=\"wp-block-list\">\n<li><strong>Osnovni kola\u010di\u0107i<\/strong> \u2013 Potrebno za osnovni rad stranice (npr. sigurnost, navigacija). Za to nije potreban va\u0161 pristanak.&nbsp;<\/li>\n<\/ul>\n\n\n\n<ul class=\"wp-block-list\">\n<li><strong>Funkcionalni kola\u010di\u0107i<\/strong> \u2013 Pobolj\u0161ati upotrebljivost i zapamtiti va\u0161e postavke (potreban je pristanak).&nbsp;<\/li>\n<\/ul>\n\n\n\n<ul class=\"wp-block-list\">\n<li><strong>Analiti\u010dki kola\u010di\u0107i<\/strong> \u2013 Prikupljajte agregirane i anonimne podatke kako biste razumjeli kako se stranica koristi (potreban je pristanak).&nbsp;<\/li>\n<\/ul>\n\n\n\n<ul class=\"wp-block-list\">\n<li><strong>Kola\u010di\u0107i tre\u0107ih strana<\/strong> \u2013 Postavljaju servisi kao \u0161to su YouTube, Google Analytics, WP Statistics, LearnPress ili sli\u010dni dodaci. Te usluge mogu obra\u0111ivati va\u0161e podatke izvan EU\/EGP-a u skladu s vlastitim pravilima o privatnosti i kola\u010di\u0107ima.<img decoding=\"async\" src=\"blob:https:\/\/ecoscape-project.eu\/7e488ff4-60c5-403b-a63f-60efba8cabb8\" alt=\"Shape, Picture\">&nbsp;<\/li>\n<\/ul>\n\n\n\n<p><strong>3. Upravljanje privolom za kola\u010di\u0107e (putem CookieYes)<\/strong>&nbsp;<\/p>\n\n\n\n<p>Koristimo <strong>Kola\u010di\u0107Da<\/strong> za upravljanje privolom za kola\u010di\u0107e u skladu sa zahtjevima GDPR-a. Banner s kola\u010di\u0107ima omogu\u0107uje vam:&nbsp;<\/p>\n\n\n\n<ul class=\"wp-block-list\">\n<li>Prihvatite ili odbacite nebitne kola\u010di\u0107e&nbsp;<\/li>\n<\/ul>\n\n\n\n<ul class=\"wp-block-list\">\n<li>Pogledajte detaljne informacije o svakoj kategoriji kola\u010di\u0107a&nbsp;<\/li>\n<\/ul>\n\n\n\n<ul class=\"wp-block-list\">\n<li>Promijenite svoje postavke u bilo kojem trenutku&nbsp;<\/li>\n<\/ul>\n\n\n\n<p>Postavkama kola\u010di\u0107a mo\u017eete upravljati u bilo kojem trenutku klikom na <strong>&quot;Postavke kola\u010di\u0107a&quot;<\/strong> gumb dostupan na web stranici.&nbsp;<\/p>\n\n\n\n<p>Va\u0161a privola za kola\u010di\u0107e bit \u0107e pohranjena 12 mjeseci, osim ako ne izbri\u0161ete predmemoriju preglednika ili ru\u010dno a\u017eurirate svoje postavke.&nbsp;<\/p>\n\n\n\n<p><strong>4. Upravljanje kola\u010di\u0107ima putem va\u0161eg preglednika<\/strong>&nbsp;<\/p>\n\n\n\n<p>Ve\u0107ina preglednika omogu\u0107uje vam kontrolu ili onemogu\u0107avanje kola\u010di\u0107a putem njihovih postavki. Imajte na umu da blokiranje odre\u0111enih vrsta kola\u010di\u0107a mo\u017ee utjecati na performanse ili funkcionalnost web-mjesta.&nbsp;<\/p>\n\n\n\n<p><strong>5. A\u017euriranja<\/strong>&nbsp;<\/p>\n\n\n\n<p>Ova Pravila o kola\u010di\u0107ima mogu se a\u017eurirati kako bi odra\u017eavala promjene u tehnologiji, zakonodavstvu ili funkcionalnostima web-mjesta. Sve promjene bit \u0107e objavljene na ovoj stranici.&nbsp;<\/p>\n\n\n\n<p><strong>6. Kontakt<\/strong>&nbsp;<\/p>\n\n\n\n<p>Za vi\u0161e informacija o na\u0161oj upotrebi kola\u010di\u0107a ili na\u010dinu na koji obra\u0111ujemo osobne podatke, pogledajte na\u0161e <a href=\"https:\/\/ecoscape-project.eu\/hr\/privacy-policy\/\" data-type=\"page\" data-id=\"1432\">Politika privatnosti <\/a> ili <a href=\"https:\/\/ecoscape-project.eu\/hr\/contact\/\" data-type=\"page\" data-id=\"948\">Kontaktirajte nas<\/a> putem informacija navedenih na ovoj web stranici.&nbsp;<\/p>","protected":false},"excerpt":{"rendered":"<p>Cookie Policy&nbsp; We use cookies and similar technologies on this website to ensure functionality, improve user experience, and analyze website traffic in accordance with the General Data Protection Regulation (EU)&#8230;<\/p>","protected":false},"author":1,"featured_media":0,"parent":0,"menu_order":0,"comment_status":"closed","ping_status":"closed","template":"","meta":{"_EventAllDay":false,"_EventTimezone":"","_EventStartDate":"","_EventEndDate":"","_EventStartDateUTC":"","_EventEndDateUTC":"","_EventShowMap":false,"_EventShowMapLink":false,"_EventURL":"","_EventCost":"","_EventCostDescription":"","_EventCurrencySymbol":"","_EventCurrencyCode":"","_EventCurrencyPosition":"","_EventDateTimeSeparator":"","_EventTimeRangeSeparator":"","_EventOrganizerID":[],"_EventVenueID":[],"_OrganizerEmail":"","_OrganizerPhone":"","_OrganizerWebsite":"","_VenueAddress":"","_VenueCity":"","_VenueCountry":"","_VenueProvince":"","_VenueState":"","_VenueZip":"","_VenuePhone":"","_VenueURL":"","_VenueStateProvince":"","_VenueLat":"","_VenueLng":"","_VenueShowMap":false,"_VenueShowMapLink":false,"_kadence_starter_templates_imported_post":false,"_kad_post_transparent":"","_kad_post_title":"","_kad_post_layout":"","_kad_post_sidebar_id":"","_kad_post_content_style":"","_kad_post_vertical_padding":"","_kad_post_feature":"","_kad_post_feature_position":"","_kad_post_header":false,"_kad_post_footer":false,"footnotes":""},"class_list":["post-1480","page","type-page","status-publish","hentry"],"_links":{"self":[{"href":"https:\/\/ecoscape-project.eu\/hr\/wp-json\/wp\/v2\/pages\/1480","targetHints":{"allow":["GET"]}}],"collection":[{"href":"https:\/\/ecoscape-project.eu\/hr\/wp-json\/wp\/v2\/pages"}],"about":[{"href":"https:\/\/ecoscape-project.eu\/hr\/wp-json\/wp\/v2\/types\/page"}],"author":[{"embeddable":true,"href":"https:\/\/ecoscape-project.eu\/hr\/wp-json\/wp\/v2\/users\/1"}],"replies":[{"embeddable":true,"href":"https:\/\/ecoscape-project.eu\/hr\/wp-json\/wp\/v2\/comments?post=1480"}],"version-history":[{"count":2,"href":"https:\/\/ecoscape-project.eu\/hr\/wp-json\/wp\/v2\/pages\/1480\/revisions"}],"predecessor-version":[{"id":1491,"href":"https:\/\/ecoscape-project.eu\/hr\/wp-json\/wp\/v2\/pages\/1480\/revisions\/1491"}],"wp:attachment":[{"href":"https:\/\/ecoscape-project.eu\/hr\/wp-json\/wp\/v2\/media?parent=1480"}],"curies":[{"name":"radni list","href":"https:\/\/api.w.org\/{rel}","templated":true}]}}