{"id":1293,"date":"2025-02-12T08:01:27","date_gmt":"2025-02-12T08:01:27","guid":{"rendered":"https:\/\/ecoscape-project.eu\/?page_id=1293"},"modified":"2025-09-30T09:21:20","modified_gmt":"2025-09-30T09:21:20","slug":"events-and-news","status":"publish","type":"page","link":"https:\/\/ecoscape-project.eu\/pl\/events-and-news\/","title":{"rendered":"Wydarzenia i aktualno\u015bci"},"content":{"rendered":"<style>.kb-row-layout-id1293_c99ea8-7e > .kt-row-column-wrap{align-content:start;}:where(.kb-row-layout-id1293_c99ea8-7e > .kt-row-column-wrap) > .wp-block-kadence-column{justify-content:start;}.kb-row-layout-id1293_c99ea8-7e > .kt-row-column-wrap{column-gap:var(--global-kb-gap-none, 0rem );row-gap:var(--global-kb-gap-md, 2rem);max-width:var( --global-content-width, 1290px );padding-left:var(--global-content-edge-padding);padding-right:var(--global-content-edge-padding);padding-top:var(--global-kb-spacing-5xl, 10rem);padding-bottom:var(--global-kb-spacing-xxl, 5rem);grid-template-columns:repeat(2, minmax(0, 1fr));}.kb-row-layout-id1293_c99ea8-7e{--breakout-negative-margin-right:calc( ( ( ( var(--global-vw, 100vw) - ( var( --global-content-width, 1290px ) - ( var(--global-content-edge-padding)*2 ) ) ) \/ 2 ) *-1) + -1px);--breakout-negative-margin-left:calc( ( ( ( var(--global-vw, 100vw) - ( var( --global-content-width, 1290px ) - ( var(--global-content-edge-padding)*2 ) ) ) \/ 2 ) *-1) + -1px);}@media all and (min-width:1290px){.kb-row-layout-id1293_c99ea8-7e > .kt-row-column-wrap > .wp-block-kadence-column:nth-of-type(1):not(.specificity){margin-inline-start:var(--breakout-negative-margin-left);}}.kb-row-layout-id1293_c99ea8-7e{border-top:0px solid var(--global-palette8, #F7FAFC);border-bottom:0px solid var(--global-palette8, #F7FAFC);}.kb-row-layout-id1293_c99ea8-7e{background-image:url('https:\/\/ecoscape-project.eu\/wp-content\/uploads\/2025\/02\/a-group-of-young-volunteers-cleaning-a-forest-area-promoting-conservation-efforts.-9543406-scaled.jpg');background-size:cover;background-position:51% 56.99999999999999%;background-attachment:fixed;background-repeat:no-repeat;}.kb-row-layout-id1293_c99ea8-7e > .kt-row-layout-overlay{opacity:1;background:linear-gradient(90deg,rgb(39,69,42) 44%,rgba(39,69,42,0.72) 74%,rgba(69,69,69,0.25) 86%,rgba(39,69,42,0) 100%);}@media all and (min-width: 1025px){.kb-row-layout-id1293_c99ea8-7e > .kt-row-column-wrap > .wp-block-kadence-column:nth-of-type(1){margin-inline-start:calc( var(--global-content-edge-padding) *-1 );}}@media all and (max-width: 1024px), only screen and (min-device-width: 1024px) and (max-device-width: 1366px) and (-webkit-min-device-pixel-ratio: 2) and (hover: none){.kb-row-layout-id1293_c99ea8-7e{background-attachment:scroll;}}@media all and (max-width: 1024px){.kb-row-layout-id1293_c99ea8-7e > .kt-row-column-wrap{column-gap:var(--global-kb-gap-md, 2rem);grid-template-columns:minmax(0, 2fr) minmax(0, 1fr);}}@media all and (max-width: 1024px){.kb-row-layout-id1293_c99ea8-7e{border-top:0px solid var(--global-palette8, #F7FAFC);border-bottom:0px solid var(--global-palette8, #F7FAFC);}}@media all and (min-width: 768px) and (max-width: 1024px){.kb-row-layout-id1293_c99ea8-7e > .kt-row-column-wrap:not(.kt-tab-layout-row) > .wp-block-kadence-column:nth-of-type(1){margin-inline-start:calc( var(--global-content-edge-padding) *-1 );}}@media all and (max-width: 767px){.kb-row-layout-id1293_c99ea8-7e > .kt-row-column-wrap{padding-top:var(--global-kb-spacing-lg, 3rem);padding-bottom:var(--global-kb-spacing-lg, 3rem);grid-template-columns:minmax(0, 1fr);}.kb-row-layout-id1293_c99ea8-7e{border-top:0px solid var(--global-palette8, #F7FAFC);border-bottom:0px solid var(--global-palette8, #F7FAFC);}.kb-row-layout-id1293_c99ea8-7e > .kt-row-layout-overlay{opacity:0.00;}}<\/style><div class=\"kb-row-layout-wrap kb-row-layout-id1293_c99ea8-7e alignfull kt-row-has-bg kt-jarallax wp-block-kadence-rowlayout\" data-img-position=\"51% 56.99999999999999%\" data-img-size=\"cover\"><div class=\"kt-row-layout-overlay kt-row-overlay-gradient\"><\/div><div class=\"kt-row-column-wrap kt-has-2-columns kt-row-layout-equal kt-tab-layout-left-golden kt-mobile-layout-row kt-row-valign-top kb-theme-content-width\">\n<style>.kadence-column1293_79fad5-c4 > .kt-inside-inner-col{padding-top:var(--global-kb-spacing-xl, 4rem);padding-right:var(--global-kb-spacing-xl, 4rem);padding-bottom:var(--global-kb-spacing-xl, 4rem);padding-left:var(--global-kb-spacing-xl, 4rem);}.kadence-column1293_79fad5-c4 > .kt-inside-inner-col,.kadence-column1293_79fad5-c4 > .kt-inside-inner-col:before{border-top-left-radius:7px;border-top-right-radius:7px;border-bottom-right-radius:7px;border-bottom-left-radius:7px;}.kadence-column1293_79fad5-c4 > .kt-inside-inner-col{column-gap:var(--global-kb-gap-sm, 1rem);}.kadence-column1293_79fad5-c4 > .kt-inside-inner-col{flex-direction:column;}.kadence-column1293_79fad5-c4 > .kt-inside-inner-col > .aligncenter{width:100%;}.kadence-column1293_79fad5-c4 > .kt-inside-inner-col{background-color:var(--global-palette9, #ffffff);}.kadence-column1293_79fad5-c4 > .kt-inside-inner-col:before{opacity:0.3;}.kadence-column1293_79fad5-c4{position:relative;}@media all and (max-width: 1024px){.kadence-column1293_79fad5-c4 > .kt-inside-inner-col{flex-direction:column;justify-content:center;}}@media all and (max-width: 767px){.kadence-column1293_79fad5-c4 > .kt-inside-inner-col{padding-top:var(--global-kb-spacing-md, 2rem);padding-right:var(--global-kb-spacing-md, 2rem);padding-bottom:var(--global-kb-spacing-md, 2rem);padding-left:var(--global-kb-spacing-md, 2rem);flex-direction:column;justify-content:center;}}<\/style>\n<div class=\"wp-block-kadence-column kadence-column1293_79fad5-c4\"><div class=\"kt-inside-inner-col\"><style>.wp-block-kadence-advancedheading.kt-adv-heading1293_e9644a-26, .wp-block-kadence-advancedheading.kt-adv-heading1293_e9644a-26[data-kb-block=\"kb-adv-heading1293_e9644a-26\"]{margin-bottom:var(--global-kb-spacing-xs, 1rem);font-size:32px;line-height:1.3;font-style:normal;}.wp-block-kadence-advancedheading.kt-adv-heading1293_e9644a-26 mark.kt-highlight, .wp-block-kadence-advancedheading.kt-adv-heading1293_e9644a-26[data-kb-block=\"kb-adv-heading1293_e9644a-26\"] mark.kt-highlight{font-style:normal;color:#f76a0c;-webkit-box-decoration-break:clone;box-decoration-break:clone;padding-top:0px;padding-right:0px;padding-bottom:0px;padding-left:0px;}<\/style>\n<h2 class=\"kt-adv-heading1293_e9644a-26 wp-block-kadence-advancedheading has-theme-palette-3-color has-text-color\" data-kb-block=\"kb-adv-heading1293_e9644a-26\"><strong>B\u0105d\u017a na bie\u017c\u0105co z nasz\u0105 podr\u00f3\u017c\u0105 w kierunku zr\u00f3wnowa\u017conego rolnictwa<\/strong><\/h2>\n\n\n<style>.wp-block-kadence-advancedheading.kt-adv-heading1293_1da992-58, .wp-block-kadence-advancedheading.kt-adv-heading1293_1da992-58[data-kb-block=\"kb-adv-heading1293_1da992-58\"]{font-style:normal;}.wp-block-kadence-advancedheading.kt-adv-heading1293_1da992-58 mark.kt-highlight, .wp-block-kadence-advancedheading.kt-adv-heading1293_1da992-58[data-kb-block=\"kb-adv-heading1293_1da992-58\"] mark.kt-highlight{font-style:normal;color:#f76a0c;-webkit-box-decoration-break:clone;box-decoration-break:clone;padding-top:0px;padding-right:0px;padding-bottom:0px;padding-left:0px;}<\/style>\n<p class=\"kt-adv-heading1293_1da992-58 wp-block-kadence-advancedheading has-theme-palette-4-color has-text-color\" data-kb-block=\"kb-adv-heading1293_1da992-58\">\u015aled\u017a najnowsze aktualizacje i prze\u0142omy w rolnictwie przyjaznym dla bior\u00f3\u017cnorodno\u015bci, eko-przedsi\u0119biorczo\u015bci i cyfrowych innowacjach w rolnictwie.&nbsp;<\/p>\n\n\n<style>.kadence-column1293_e4a900-f3 > .kt-inside-inner-col{display:flex;}.kadence-column1293_e4a900-f3 > .kt-inside-inner-col,.kadence-column1293_e4a900-f3 > .kt-inside-inner-col:before{border-top-left-radius:0px;border-top-right-radius:0px;border-bottom-right-radius:0px;border-bottom-left-radius:0px;}.kadence-column1293_e4a900-f3 > .kt-inside-inner-col{column-gap:var(--global-kb-gap-sm, 1rem);}.kadence-column1293_e4a900-f3 > .kt-inside-inner-col{flex-direction:row;flex-wrap:wrap;align-items:center;}.kadence-column1293_e4a900-f3 > .kt-inside-inner-col > *, .kadence-column1293_e4a900-f3 > .kt-inside-inner-col > figure.wp-block-image, .kadence-column1293_e4a900-f3 > .kt-inside-inner-col > figure.wp-block-kadence-image{margin-top:0px;margin-bottom:0px;}.kadence-column1293_e4a900-f3 > .kt-inside-inner-col > .kb-image-is-ratio-size{flex-grow:1;}.kadence-column1293_e4a900-f3 > .kt-inside-inner-col:before{opacity:0.3;}.kadence-column1293_e4a900-f3{position:relative;}@media all and (max-width: 1024px){.kadence-column1293_e4a900-f3 > .kt-inside-inner-col{flex-direction:row;flex-wrap:wrap;align-items:center;}}@media all and (min-width: 768px) and (max-width: 1024px){.kadence-column1293_e4a900-f3 > .kt-inside-inner-col > *, .kadence-column1293_e4a900-f3 > .kt-inside-inner-col > figure.wp-block-image, .kadence-column1293_e4a900-f3 > .kt-inside-inner-col > figure.wp-block-kadence-image{margin-top:0px;margin-bottom:0px;}.kadence-column1293_e4a900-f3 > .kt-inside-inner-col > .kb-image-is-ratio-size{flex-grow:1;}}@media all and (max-width: 767px){.kadence-column1293_e4a900-f3 > .kt-inside-inner-col{flex-direction:row;flex-wrap:wrap;justify-content:flex-start;}.kadence-column1293_e4a900-f3 > .kt-inside-inner-col > *, .kadence-column1293_e4a900-f3 > .kt-inside-inner-col > figure.wp-block-image, .kadence-column1293_e4a900-f3 > .kt-inside-inner-col > figure.wp-block-kadence-image{margin-top:0px;margin-bottom:0px;}.kadence-column1293_e4a900-f3 > .kt-inside-inner-col > .kb-image-is-ratio-size{flex-grow:1;}}<\/style>\n<div class=\"wp-block-kadence-column kadence-column1293_e4a900-f3 kb-section-dir-horizontal\"><div class=\"kt-inside-inner-col\"><style>.kt-svg-icons1293_87c264-1c .kt-svg-item-0 .kb-svg-icon-wrap{color:var(--global-palette4, #2D3748);font-size:50px;}.wp-block-kadence-icon.kt-svg-icons1293_87c264-1c{justify-content:flex-start;gap:20px;}@media all and (max-width: 1024px){.wp-block-kadence-icon.kt-svg-icons1293_87c264-1c{justify-content:center;}}<\/style>\n<div class=\"wp-block-kadence-icon kt-svg-icons kt-svg-icons1293_87c264-1c alignnone\"><style>.kt-svg-item-1293_e6e221-46 .kb-svg-icon-wrap, .kt-svg-style-stacked.kt-svg-item-1293_e6e221-46 .kb-svg-icon-wrap{color:var(--global-palette9, #ffffff);font-size:20px;background:var(--global-palette1, #3182CE);border-width:0px;border-radius:50%;padding-top:10px;padding-right:10px;padding-bottom:10px;padding-left:10px;}.kt-svg-item-1293_e6e221-46:hover .kb-svg-icon-wrap{background:var(--global-palette2, #2B6CB0);}.kt-svg-item-1293_e6e221-46:hover .kb-svg-icon-wrap{color:var(--global-palette9, #ffffff);}<\/style>\n<div class=\"wp-block-kadence-single-icon kt-svg-style-stacked kt-svg-icon-wrap kt-svg-item-1293_e6e221-46\"><a href=\"https:\/\/www.facebook.com\/profile.php?id=61568567034749\" class=\"kt-svg-icon-link\" target=\"_blank\" rel=\"noopener noreferrer\"><span class=\"kb-svg-icon-wrap kb-svg-icon-fa_facebook-n\"><svg viewbox=\"0 0 512 512\"  fill=\"currentColor\" xmlns=\"http:\/\/www.w3.org\/2000\/svg\"  aria-hidden=\"true\"><path d=\"M504 256C504 119 393 8 256 8S8 119 8 256c0 123.78 90.69 226.38 209.25 245V327.69h-63V256h63v-54.64c0-62.15 37-96.48 93.67-96.48 27.14 0 55.52 4.84 55.52 4.84v61h-31.28c-30.8 0-40.41 19.12-40.41 38.73V256h68.78l-11 71.69h-57.78V501C413.31 482.38 504 379.78 504 256z\"\/><\/svg><\/span><\/a><\/div>\n<\/div>\n<\/div><\/div>\n<\/div><\/div>\n\n\n<style>.kadence-column1293_4265f2-c3 > .kt-inside-inner-col{display:flex;}.kadence-column1293_4265f2-c3 > .kt-inside-inner-col,.kadence-column1293_4265f2-c3 > .kt-inside-inner-col:before{border-top-left-radius:0px;border-top-right-radius:0px;border-bottom-right-radius:0px;border-bottom-left-radius:0px;}.kadence-column1293_4265f2-c3 > .kt-inside-inner-col{column-gap:var(--global-kb-gap-sm, 1rem);}.kadence-column1293_4265f2-c3 > .kt-inside-inner-col{flex-direction:column;justify-content:center;align-items:center;}.kadence-column1293_4265f2-c3 > .kt-inside-inner-col > .kb-image-is-ratio-size{align-self:stretch;}.kadence-column1293_4265f2-c3 > .kt-inside-inner-col > .wp-block-kadence-advancedgallery{align-self:stretch;}.kadence-column1293_4265f2-c3 > .kt-inside-inner-col > .aligncenter{width:100%;}.kt-row-column-wrap > .kadence-column1293_4265f2-c3{align-self:center;}.kt-inner-column-height-full:not(.kt-has-1-columns) > .wp-block-kadence-column.kadence-column1293_4265f2-c3{align-self:auto;}.kt-inner-column-height-full:not(.kt-has-1-columns) > .wp-block-kadence-column.kadence-column1293_4265f2-c3 > .kt-inside-inner-col{flex-direction:column;justify-content:center;}.kadence-column1293_4265f2-c3 > .kt-inside-inner-col:before{opacity:0.3;}.kadence-column1293_4265f2-c3{position:relative;}@media all and (max-width: 1024px){.kt-row-column-wrap > .kadence-column1293_4265f2-c3{align-self:center;}}@media all and (max-width: 1024px){.kt-inner-column-height-full:not(.kt-has-1-columns) > .wp-block-kadence-column.kadence-column1293_4265f2-c3{align-self:auto;}}@media all and (max-width: 1024px){.kt-inner-column-height-full:not(.kt-has-1-columns) > .wp-block-kadence-column.kadence-column1293_4265f2-c3 > .kt-inside-inner-col{flex-direction:column;justify-content:center;}}@media all and (max-width: 1024px){.kadence-column1293_4265f2-c3 > .kt-inside-inner-col{flex-direction:column;justify-content:center;align-items:center;}}@media all and (max-width: 767px){.kt-row-column-wrap > .kadence-column1293_4265f2-c3{align-self:center;}.kt-inner-column-height-full:not(.kt-has-1-columns) > .wp-block-kadence-column.kadence-column1293_4265f2-c3{align-self:auto;}.kt-inner-column-height-full:not(.kt-has-1-columns) > .wp-block-kadence-column.kadence-column1293_4265f2-c3 > .kt-inside-inner-col{flex-direction:column;justify-content:center;}.kadence-column1293_4265f2-c3 > .kt-inside-inner-col{flex-direction:column;justify-content:center;align-items:center;}}<\/style>\n<div class=\"wp-block-kadence-column kadence-column1293_4265f2-c3\"><div class=\"kt-inside-inner-col\"><div class=\"wp-block-site-logo\"><a href=\"https:\/\/ecoscape-project.eu\/pl\/\" class=\"custom-logo-link\" rel=\"home\"><img fetchpriority=\"high\" decoding=\"async\" width=\"293\" height=\"293\" src=\"https:\/\/ecoscape-project.eu\/wp-content\/uploads\/2025\/02\/ECOSCAPE-Logo-.png\" class=\"custom-logo\" alt=\"ECOSCAPE\" srcset=\"https:\/\/ecoscape-project.eu\/wp-content\/uploads\/2025\/02\/ECOSCAPE-Logo-.png 500w, https:\/\/ecoscape-project.eu\/wp-content\/uploads\/2025\/02\/ECOSCAPE-Logo--300x300.png 300w, https:\/\/ecoscape-project.eu\/wp-content\/uploads\/2025\/02\/ECOSCAPE-Logo--150x150.png 150w, https:\/\/ecoscape-project.eu\/wp-content\/uploads\/2025\/02\/ECOSCAPE-Logo--12x12.png 12w\" sizes=\"(max-width: 293px) 100vw, 293px\" \/><\/a><\/div><\/div><\/div>\n\n<\/div><\/div>\n\n\n<h3 class=\"wp-block-heading has-theme-palette-1-color has-theme-palette-2-background-color has-text-color has-background has-link-color wp-elements-5097cb625230872aa57b0de92073173a\">SPOTKANIE INAUGURACYJNE<\/h3>\n\n\n<div class=\"wp-block-image wp-duotone-unset-1\">\n<figure class=\"aligncenter is-resized\"><img decoding=\"async\" width=\"480\" height=\"373\" src=\"https:\/\/ecoscape-project.eu\/wp-content\/uploads\/2025\/09\/459831958_955808396564559_5809229308030244367_n.jpg\" alt=\"\" class=\"wp-image-1523\" style=\"width:308px;height:auto\" srcset=\"https:\/\/ecoscape-project.eu\/wp-content\/uploads\/2025\/09\/459831958_955808396564559_5809229308030244367_n.jpg 480w, https:\/\/ecoscape-project.eu\/wp-content\/uploads\/2025\/09\/459831958_955808396564559_5809229308030244367_n-300x233.jpg 300w, https:\/\/ecoscape-project.eu\/wp-content\/uploads\/2025\/09\/459831958_955808396564559_5809229308030244367_n-15x12.jpg 15w\" sizes=\"(max-width: 480px) 100vw, 480px\" \/><\/figure>\n<\/div>\n\n\n<p class=\"has-theme-palette-2-background-color has-background\">Spotkanie inauguracyjne odby\u0142o si\u0119 we Wroc\u0142awiu 24 wrze\u015bnia 2024 roku. Partnerzy zaplanowali 2 lata bada\u0144, wynik\u00f3w i dzia\u0142a\u0144.<\/p>\n\n\n\n<h3 class=\"wp-block-heading has-theme-palette-1-color has-theme-palette-2-background-color has-text-color has-background has-link-color wp-elements-eed543d370caeb9fbd3a0f5aa21e5375\">SPOTKANIE \u015aR\u00d3DOKRESOWE<\/h3>\n\n\n\n<figure class=\"wp-block-gallery has-nested-images columns-default is-cropped wp-block-gallery-2 is-layout-flex wp-block-gallery-is-layout-flex\">\n<figure class=\"wp-block-image size-large\"><img decoding=\"async\" width=\"1024\" height=\"640\" data-id=\"1524\" src=\"https:\/\/ecoscape-project.eu\/wp-content\/uploads\/2025\/09\/547540575_3078521759114103_4120735285197208885_n-1024x640.jpg\" alt=\"\" class=\"wp-image-1524\" srcset=\"https:\/\/ecoscape-project.eu\/wp-content\/uploads\/2025\/09\/547540575_3078521759114103_4120735285197208885_n-1024x640.jpg 1024w, https:\/\/ecoscape-project.eu\/wp-content\/uploads\/2025\/09\/547540575_3078521759114103_4120735285197208885_n-300x188.jpg 300w, https:\/\/ecoscape-project.eu\/wp-content\/uploads\/2025\/09\/547540575_3078521759114103_4120735285197208885_n-768x480.jpg 768w, https:\/\/ecoscape-project.eu\/wp-content\/uploads\/2025\/09\/547540575_3078521759114103_4120735285197208885_n-1536x960.jpg 1536w, https:\/\/ecoscape-project.eu\/wp-content\/uploads\/2025\/09\/547540575_3078521759114103_4120735285197208885_n-18x12.jpg 18w, https:\/\/ecoscape-project.eu\/wp-content\/uploads\/2025\/09\/547540575_3078521759114103_4120735285197208885_n.jpg 2048w\" sizes=\"(max-width: 1024px) 100vw, 1024px\" \/><\/figure>\n\n\n\n<figure class=\"wp-block-image size-large\"><img loading=\"lazy\" decoding=\"async\" width=\"1024\" height=\"768\" data-id=\"1525\" src=\"https:\/\/ecoscape-project.eu\/wp-content\/uploads\/2025\/09\/550258374_3273149436156583_6311053948664487337_n-1024x768.jpg\" alt=\"\" class=\"wp-image-1525\" srcset=\"https:\/\/ecoscape-project.eu\/wp-content\/uploads\/2025\/09\/550258374_3273149436156583_6311053948664487337_n-1024x768.jpg 1024w, https:\/\/ecoscape-project.eu\/wp-content\/uploads\/2025\/09\/550258374_3273149436156583_6311053948664487337_n-300x225.jpg 300w, https:\/\/ecoscape-project.eu\/wp-content\/uploads\/2025\/09\/550258374_3273149436156583_6311053948664487337_n-768x576.jpg 768w, https:\/\/ecoscape-project.eu\/wp-content\/uploads\/2025\/09\/550258374_3273149436156583_6311053948664487337_n-1536x1152.jpg 1536w, https:\/\/ecoscape-project.eu\/wp-content\/uploads\/2025\/09\/550258374_3273149436156583_6311053948664487337_n-16x12.jpg 16w, https:\/\/ecoscape-project.eu\/wp-content\/uploads\/2025\/09\/550258374_3273149436156583_6311053948664487337_n.jpg 2048w\" sizes=\"(max-width: 1024px) 100vw, 1024px\" \/><\/figure>\n<\/figure>\n\n\n\n<p class=\"has-theme-palette-1-color has-theme-palette-2-background-color has-text-color has-background has-link-color wp-elements-81b2f791684d69897e6904c4ac273a29\">Wydarzenie odby\u0142o si\u0119 16 i 17 wrze\u015bnia w Sremskim Karlovci w Serbii. Przedstawiciele 5 kraj\u00f3w partnerskich om\u00f3wili przebieg i wyniki projektu, a tak\u017ce dzia\u0142ania zwi\u0105zane z jego rozpowszechnianiem.<\/p>","protected":false},"excerpt":{"rendered":"<p>B\u0105d\u017a na bie\u017c\u0105co z nasz\u0105 podr\u00f3\u017c\u0105 w kierunku zr\u00f3wnowa\u017conego rolnictwa \u015aled\u017a najnowsze aktualizacje i prze\u0142omy w rolnictwie przyjaznym dla bior\u00f3\u017cnorodno\u015bci, eko-przedsi\u0119biorczo\u015bci i innowacjach cyfrowych w rolnictwie.  Spotkanie inauguracyjne Spotkanie inauguracyjne odby\u0142o si\u0119...<\/p>","protected":false},"author":1,"featured_media":0,"parent":0,"menu_order":0,"comment_status":"closed","ping_status":"closed","template":"","meta":{"_EventAllDay":false,"_EventTimezone":"","_EventStartDate":"","_EventEndDate":"","_EventStartDateUTC":"","_EventEndDateUTC":"","_EventShowMap":false,"_EventShowMapLink":false,"_EventURL":"","_EventCost":"","_EventCostDescription":"","_EventCurrencySymbol":"","_EventCurrencyCode":"","_EventCurrencyPosition":"","_EventDateTimeSeparator":"","_EventTimeRangeSeparator":"","_EventOrganizerID":[],"_EventVenueID":[],"_OrganizerEmail":"","_OrganizerPhone":"","_OrganizerWebsite":"","_VenueAddress":"","_VenueCity":"","_VenueCountry":"","_VenueProvince":"","_VenueState":"","_VenueZip":"","_VenuePhone":"","_VenueURL":"","_VenueStateProvince":"","_VenueLat":"","_VenueLng":"","_VenueShowMap":false,"_VenueShowMapLink":false,"_kadence_starter_templates_imported_post":false,"_kad_post_transparent":"","_kad_post_title":"","_kad_post_layout":"","_kad_post_sidebar_id":"","_kad_post_content_style":"","_kad_post_vertical_padding":"","_kad_post_feature":"","_kad_post_feature_position":"","_kad_post_header":false,"_kad_post_footer":false,"footnotes":""},"class_list":["post-1293","page","type-page","status-publish","hentry"],"_links":{"self":[{"href":"https:\/\/ecoscape-project.eu\/pl\/wp-json\/wp\/v2\/pages\/1293","targetHints":{"allow":["GET"]}}],"collection":[{"href":"https:\/\/ecoscape-project.eu\/pl\/wp-json\/wp\/v2\/pages"}],"about":[{"href":"https:\/\/ecoscape-project.eu\/pl\/wp-json\/wp\/v2\/types\/page"}],"author":[{"embeddable":true,"href":"https:\/\/ecoscape-project.eu\/pl\/wp-json\/wp\/v2\/users\/1"}],"replies":[{"embeddable":true,"href":"https:\/\/ecoscape-project.eu\/pl\/wp-json\/wp\/v2\/comments?post=1293"}],"version-history":[{"count":21,"href":"https:\/\/ecoscape-project.eu\/pl\/wp-json\/wp\/v2\/pages\/1293\/revisions"}],"predecessor-version":[{"id":1526,"href":"https:\/\/ecoscape-project.eu\/pl\/wp-json\/wp\/v2\/pages\/1293\/revisions\/1526"}],"wp:attachment":[{"href":"https:\/\/ecoscape-project.eu\/pl\/wp-json\/wp\/v2\/media?parent=1293"}],"curies":[{"name":"wp","href":"https:\/\/api.w.org\/{rel}","templated":true}]}}