{"id":1432,"date":"2025-02-17T08:04:07","date_gmt":"2025-02-17T08:04:07","guid":{"rendered":"https:\/\/ecoscape-project.eu\/?page_id=1432"},"modified":"2025-09-21T11:05:02","modified_gmt":"2025-09-21T11:05:02","slug":"privacy-policy","status":"publish","type":"page","link":"https:\/\/ecoscape-project.eu\/pl\/privacy-policy\/","title":{"rendered":"Polityka prywatno\u015bci"},"content":{"rendered":"<style>.wp-block-kadence-spacer.kt-block-spacer-1432_5f7898-ba .kt-block-spacer{height:60px;}.wp-block-kadence-spacer.kt-block-spacer-1432_5f7898-ba .kt-divider{border-top-width:1px;height:1px;border-top-color:#eee;width:80%;border-top-style:solid;}<\/style>\n<div class=\"wp-block-kadence-spacer aligncenter kt-block-spacer-1432_5f7898-ba\"><div class=\"kt-block-spacer kt-block-spacer-halign-center\"><hr class=\"kt-divider\"\/><\/div><\/div>\n\n\n<style>.wp-block-kadence-spacer.kt-block-spacer-1432_f0d68a-90 .kt-block-spacer{height:121px;}.wp-block-kadence-spacer.kt-block-spacer-1432_f0d68a-90 .kt-divider{border-top-width:1px;height:1px;border-top-color:#eee;width:80%;border-top-style:solid;}<\/style>\n<div class=\"wp-block-kadence-spacer aligncenter kt-block-spacer-1432_f0d68a-90\"><div class=\"kt-block-spacer kt-block-spacer-halign-center\"><hr class=\"kt-divider\"\/><\/div><\/div>\n\n\n\n<p><strong>Nasza polityka prywatno\u015bci&nbsp;<\/strong><\/p>\n\n\n\n<p><strong>Art. 13 rozporz\u0105dzenia UE RODO 2016\/679<\/strong>&nbsp;<\/p>\n\n\n\n<p>Dane osobowe s\u0105 gromadzone i przetwarzane zgodnie z art. 13 rozporz\u0105dzenia UE 2016\/679 w celu zagwarantowania, \u017ce przetwarzanie danych odbywa si\u0119 zgodnie z prawami, podstawowymi wolno\u015bciami i godno\u015bci\u0105 os\u00f3b.&nbsp;<\/p>\n\n\n\n<p><strong>Wprowadzenie<\/strong>&nbsp;<\/p>\n\n\n\n<p class=\"translation-block\">W <strong>ECOSCAPE<\/strong> powa\u017cnie traktujemy prywatno\u015b\u0107 u\u017cytkownik\u00f3w i dok\u0142adamy wszelkich stara\u0144, aby ich dane osobowe by\u0142y chronione zgodnie z przepisami o ochronie danych osobowych i wykorzystywane zgodnie z ich oczekiwaniami.  Niniejsza Polityka Prywatno\u015bci wyja\u015bnia, w jaki spos\u00f3b nasze Stowarzyszenie wykorzystuje dane osobowe, kt\u00f3re zbieramy od Ciebie podczas korzystania z naszych stron internetowych.<\/p>\n\n\n\n<p><strong>Administrator danych<\/strong>&nbsp;<\/p>\n\n\n\n<p>Uniwersytet Przyrodniczy we Wroc\u0142awiu (UPWr)&nbsp;<\/p>\n\n\n\n<p>Adres: ul. Norwida 25, Wroc\u0142aw, Polska&nbsp;<\/p>\n\n\n\n<p>VAT: PL8960005354&nbsp;<\/p>\n\n\n\n<p>Numer telefonu: +48 71 320 50 20&nbsp;<\/p>\n\n\n\n<p>E-mail: kontakt@upwr.edu.pl&nbsp;<\/p>\n\n\n\n<p><strong>W jaki spos\u00f3b gromadzimy dane u\u017cytkownik\u00f3w?<\/strong>&nbsp;<\/p>\n\n\n\n<p class=\"translation-block\">U\u017cytkownik bezpo\u015brednio przekazuje <strong> <\/strong><strong>ECOSCAPE<\/strong> wi\u0119kszo\u015b\u0107 gromadzonych przez nas danych. Gromadzimy i przetwarzamy dane, gdy u\u017cytkownik<\/p>\n\n\n\n<ul class=\"wp-block-list\">\n<li>przegl\u0105danie strony;&nbsp;<\/li>\n\n\n\n<li>korzystania lub przegl\u0105dania naszej strony internetowej za pomoc\u0105 plik\u00f3w cookie przegl\u0105darki;&nbsp;<\/li>\n\n\n\n<li class=\"translation-block\">wype\u0142nij formularz kontaktowy na stronie \"<a href=\"https:\/\/ecoscape-project.eu\/pl\/contact\/\" data-type=\"page\" data-id=\"948\" target=\"_self\">Kontakt<\/a>\".<\/li>\n<\/ul>\n\n\n\n<p>Podczas normalnego dzia\u0142ania systemy informatyczne i procedury oprogramowania wykorzystywane do obs\u0142ugi tej witryny uzyskuj\u0105 pewne dane osobowe, kt\u00f3rych transmisja jest dorozumiana z wykorzystaniem internetowych protoko\u0142\u00f3w komunikacyjnych.&nbsp;<\/p>\n\n\n\n<p class=\"translation-block\">Ta kategoria danych obejmuje adresy IP lub nazwy domen komputer\u00f3w i terminali u\u017cywanych przez u\u017cytkownik\u00f3w, adresy w notacji URI \/ URL (Uniform Resource Identifier \/ Locator) \u017c\u0105danych zasob\u00f3w, czas \u017c\u0105dania, metod\u0119 u\u017cyt\u0105 do przes\u0142ania \u017c\u0105dania do serwera, rozmiar pliku uzyskanego w odpowiedzi, kod numeryczny wskazuj\u0105cy status odpowiedzi udzielonej przez serwer (powodzenie, b\u0142\u0105d itp.) oraz inne parametry zwi\u0105zane z systemem operacyjnym i \u015brodowiskiem komputerowym u\u017cytkownika. Za po\u015brednictwem formularza kontaktowego na stronie <a href=\"https:\/\/ecoscape-project.eu\/pl\/contact\/\" data-type=\"page\" data-id=\"948\" target=\"_self\">\"Skontaktuj si\u0119 z nami\"<\/a> zbieramy dane osobowe, takie jak imi\u0119, nazwisko i adres e-mail. Twoje dane osobowe b\u0119d\u0105 wykorzystywane wy\u0142\u0105cznie w celach okre\u015blonych poni\u017cej.<\/p>\n\n\n\n<p><strong>Jakie dane gromadzimy?<\/strong>S\u0142usznie.&nbsp;<\/p>\n\n\n\n<p>Nasze Stowarzyszenie gromadzi nast\u0119puj\u0105ce dane:&nbsp;<\/p>\n\n\n\n<ul class=\"wp-block-list\">\n<li>Dane nawigacyjne&nbsp;<\/li>\n\n\n\n<li>Dane osobowe, kt\u00f3rymi s\u0105 imi\u0119, nazwisko i adres e-mail.&nbsp;<\/li>\n<\/ul>\n\n\n\n<p>Systemy informatyczne i procedury oprogramowania wykorzystywane do obs\u0142ugi tej strony internetowej pozyskuj\u0105 dane osobowe w ramach ich standardowego funkcjonowania; przekazywanie takich danych jest nieod\u0142\u0105czn\u0105 cech\u0105 protoko\u0142\u00f3w komunikacji internetowej.&nbsp;<\/p>\n\n\n\n<p>Takie informacje nie s\u0105 gromadzone w celu powi\u0105zania ich ze zidentyfikowanymi osobami, kt\u00f3rych dane dotycz\u0105; jednak ze wzgl\u0119du na sw\u00f3j charakter mog\u0105 one umo\u017cliwi\u0107 identyfikacj\u0119 u\u017cytkownika po przetworzeniu i dopasowaniu do danych przechowywanych przez strony trzecie.&nbsp;<\/p>\n\n\n\n<p>Ta kategoria danych obejmuje adresy IP i\/lub nazwy domen komputer\u00f3w u\u017cywanych przez u\u017cytkownik\u00f3w \u0142\u0105cz\u0105cych si\u0119 z t\u0105 witryn\u0105, adresy URI (Uniform Resource Identifier) \u017c\u0105danych zasob\u00f3w, czas \u017c\u0105dania, metod\u0119 u\u017cyt\u0105 do przes\u0142ania danego \u017c\u0105dania do serwera, rozmiar zwr\u00f3conego pliku, kod numeryczny odnosz\u0105cy si\u0119 do statusu odpowiedzi serwera (pomy\u015blne wykonanie, b\u0142\u0105d itp.) oraz inne parametry zwi\u0105zane z systemem operacyjnym i \u015brodowiskiem komputerowym u\u017cytkownika.&nbsp;<\/p>\n\n\n\n<p><strong>W jaki spos\u00f3b b\u0119dziemy wykorzystywa\u0107 Twoje dane?<\/strong>&nbsp;<\/p>\n\n\n\n<p><strong>S\u0142usznie.<\/strong>&nbsp;Te dane nieosobowe i osobowe, niezb\u0119dne do korzystania z us\u0142ug internetowych, s\u0105 przetwarzane w celu:&nbsp;<\/p>\n\n\n\n<ul class=\"wp-block-list\">\n<li>uzyskiwania informacji statystycznych na temat korzystania z us\u0142ug (najcz\u0119\u015bciej odwiedzane strony, liczba odwiedzaj\u0105cych wed\u0142ug godziny lub dnia, obszary geograficzne pochodzenia itp;)&nbsp;<\/li>\n\n\n\n<li>sprawdzi\u0107 poprawno\u015b\u0107 dzia\u0142ania oferowanych us\u0142ug.&nbsp;<\/li>\n\n\n\n<li>kontaktowania si\u0119 z naszymi Odwiedzaj\u0105cymi i U\u017cytkownikami za pomoc\u0105 og\u00f3lnych lub spersonalizowanych powiadomie\u0144 zwi\u0105zanych z us\u0142ugami i wiadomo\u015bci promocyjnych&nbsp;<\/li>\n\n\n\n<li>przestrzega\u0107 wszelkich obowi\u0105zuj\u0105cych przepis\u00f3w prawa i regulacji&nbsp;<\/li>\n<\/ul>\n\n\n\n<p>Dane nawigacyjne s\u0105 wykorzystywane wy\u0142\u0105cznie w celu uzyskania anonimowych informacji statystycznych na temat korzystania ze strony internetowej, a tak\u017ce w celu sprawdzenia jej funkcjonowania.&nbsp;<\/p>\n\n\n\n<p>Dane te nie s\u0105 przechowywane przez okres d\u0142u\u017cszy ni\u017c siedem dni (z wyj\u0105tkiem potrzeby wykrywania przest\u0119pstw przez organy s\u0105dowe).&nbsp;<\/p>\n\n\n\n<ol start=\"3\" class=\"wp-block-list\">\n<li><strong>Szczeg\u00f3\u0142y przetwarzania danych osobowych<\/strong>&nbsp;<\/li>\n<\/ol>\n\n\n\n<p><br>Dane osobowe s\u0105 gromadzone w nast\u0119puj\u0105cych celach i przy u\u017cyciu nast\u0119puj\u0105cych us\u0142ug:&nbsp;<\/p>\n\n\n\n<ul class=\"wp-block-list\">\n<li class=\"translation-block\"><strong>Formularz kontaktowy (<\/strong><a href=\"https:\/\/ecoscape-project.eu\/pl\/contact\/\" data-type=\"link\" data-id=\"https:\/\/ecoscape-project.eu\/contact\/\" target=\"_self\"><strong>w <\/strong> <strong>stronie<\/strong><\/a><strong>)<\/strong>.<\/li>\n<\/ul>\n\n\n\n<p>U\u017cytkownik, wype\u0142niaj\u0105c formularz kontaktowy w\u0142asnymi danymi, wyra\u017ca zgod\u0119 na wykorzystanie takich danych w celu udzielenia odpowiedzi na pro\u015bby o informacje, oferty lub w innym celu wskazanym w nag\u0142\u00f3wku formularza.&nbsp;<br><em>Dane osobowe: nazwisko; adres e-mail; imi\u0119.<\/em>&nbsp;<\/p>\n\n\n\n<ul class=\"wp-block-list\">\n<li><strong>Platforma i us\u0142ugi hostingowe<\/strong>&nbsp;<\/li>\n<\/ul>\n\n\n\n<p>Us\u0142ugi te s\u0105 przeznaczone do hostowania i obs\u0142ugi kluczowych komponent\u00f3w<strong> <\/strong><strong>ECOSCAPE<\/strong> umo\u017cliwiaj\u0105c dostarczanie tej witryny z jednej platformy. Platformy te zapewniaj\u0105 W\u0142a\u015bcicielowi szeroki zakres narz\u0119dzi, takich jak na przyk\u0142ad narz\u0119dzia analityczne, do zarz\u0105dzania rejestracj\u0105 u\u017cytkownik\u00f3w, do zarz\u0105dzania komentarzami i baz\u0105 danych, do handlu elektronicznego, do przetwarzania p\u0142atno\u015bci itp. Korzystanie z tych narz\u0119dzi wi\u0105\u017ce si\u0119 z gromadzeniem i przetwarzaniem danych osobowych.&nbsp;<br><strong>ECOSCAPE<\/strong> Witryna jest hostowana przez WordPress (Worpress.org).&nbsp;<br>WordPress (WordPress.org) to platforma, kt\u00f3ra pozwala nam rozwija\u0107, obs\u0142ugiwa\u0107 i hostowa\u0107 t\u0119 witryn\u0119.&nbsp;<br><em>Przetwarzane dane osobowe: r\u00f3\u017cne rodzaje danych okre\u015blone w polityce prywatno\u015bci us\u0142ugi.<\/em>: <a href=\"https:\/\/wordpress.org\/about\/privacy\/\" target=\"_blank\" rel=\"noreferrer noopener\">Polityka prywatno\u015bci<\/a>.&nbsp;<\/p>\n\n\n\n<p><strong>Jak zarz\u0105dzamy danymi u\u017cytkownik\u00f3w?<\/strong>&nbsp;<\/p>\n\n\n\n<p class=\"translation-block\">Przetwarzanie zwi\u0105zane z us\u0142ugami internetowymi witryny odbywa si\u0119 w siedzibie Mine Vaganti NGO<strong> <\/strong> i jest obs\u0142ugiwane wy\u0142\u0105cznie przez upowa\u017cniony personel do przetwarzania.<\/p>\n\n\n\n<p>Dane s\u0105 przetwarzane zgodnie z przepisami Rozporz\u0105dzenia i obowi\u0105zuj\u0105cymi przepisami prawa.&nbsp;<\/p>\n\n\n\n<p>Wszystkie zabiegi przeprowadzane w ramach tej witryny b\u0119d\u0105 wykonywane zar\u00f3wno w formie papierowej, jak i elektronicznej lub telematycznej, z logik\u0105 zwi\u0105zan\u0105 z celami, dla kt\u00f3rych dane zosta\u0142y zebrane i zgodnie z obowi\u0105zuj\u0105cymi standardami bezpiecze\u0144stwa, w celach okre\u015blonych od czasu do czasu zgodnie z art. 13 RODO. 13, RODO.&nbsp;<\/p>\n\n\n\n<p><strong>Jakie s\u0105 prawa u\u017cytkownika w zakresie ochrony danych?<\/strong>&nbsp;<\/p>\n\n\n\n<p>W ka\u017cdej chwili osoba, kt\u00f3rej dane dotycz\u0105, mo\u017ce skorzysta\u0107 z prawa do:&nbsp;<\/p>\n\n\n\n<ul class=\"wp-block-list\">\n<li>poprosi\u0107 o potwierdzenie istnienia lub braku ich danych osobowych;&nbsp;<\/li>\n\n\n\n<li>uzyskania informacji o celach przetwarzania, kategoriach danych osobowych, odbiorcach lub kategoriach odbiorc\u00f3w, kt\u00f3rym dane osobowe zosta\u0142y lub zostan\u0105 przekazane oraz, w miar\u0119 mo\u017cliwo\u015bci, o okresie przechowywania danych.&nbsp;<\/li>\n\n\n\n<li>uzyskania sprostowania lub usuni\u0119cia danych.&nbsp;<\/li>\n\n\n\n<li>uzyska\u0107 ograniczenie przetwarzania.&nbsp;<\/li>\n\n\n\n<li>uzyskanie mo\u017cliwo\u015bci przenoszenia danych, tj. otrzymanie ich od jednego administratora danych w powszechnie u\u017cywanym, ustrukturyzowanym formacie, kt\u00f3ry mo\u017ce by\u0107 odczytany przez urz\u0105dzenie automatyczne, i przekazanie ich innemu administratorowi danych bez przeszk\u00f3d.&nbsp;<\/li>\n\n\n\n<li>wniesienia sprzeciwu wobec przetwarzania w dowolnym momencie, w tym w przypadku przetwarzania do cel\u00f3w marketingu bezpo\u015bredniego.&nbsp;<\/li>\n\n\n\n<li>wniesienia sprzeciwu wobec zautomatyzowanego procesu decyzyjnego dotycz\u0105cego os\u00f3b fizycznych, w tym profilowania.&nbsp;<\/li>\n\n\n\n<li>z\u0142o\u017cy\u0107 skarg\u0119 do polskiego Inspektora Ochrony Danych.&nbsp;<\/li>\n<\/ul>\n\n\n\n<p>Je\u015bli chcesz skorzysta\u0107 z kt\u00f3regokolwiek z powy\u017cszych praw lub masz jakiekolwiek pytania lub w\u0105tpliwo\u015bci dotycz\u0105ce dowolnego aspektu niniejszej informacji lub sposobu, w jaki post\u0119pujemy z Twoimi danymi, skontaktuj si\u0119 z nami na pi\u015bmie pod adresem Uniwersytet Przyrodniczy we Wroc\u0142awiu (UPWr)&nbsp;<\/p>\n\n\n\n<p>ul. Norwida 25, Wroc\u0142aw, Polska lub napisz do zespo\u0142u na adres kontakt@upwr.edu.pl.&nbsp;<\/p>\n\n\n\n<p><strong>Czym s\u0105 pliki cookie?<\/strong>&nbsp;<\/p>\n\n\n\n<p class=\"translation-block\"><a href=\"https:\/\/ecoscape-project.eu\/pl\/cookie-policy\/\" data-type=\"page\" data-id=\"1480\" target=\"_self\">Ciasteczka<\/a> to pliki tekstowe umieszczane na komputerze u\u017cytkownika w celu gromadzenia standardowych informacji dziennika internetowego i informacji o zachowaniu odwiedzaj\u0105cych. Gdy u\u017cytkownik odwiedza nasz\u0105 witryn\u0119, automatycznie zbieramy od niego informacje za pomoc\u0105 plik\u00f3w cookie lub podobnej technologii.<\/p>\n\n\n\n<p>Wi\u0119cej informacji mo\u017cna znale\u017a\u0107 na stronie https:\/\/gdpr.eu\/cookies\/&nbsp;<\/p>\n\n\n\n<p><strong>Jakiego rodzaju plik\u00f3w cookie u\u017cywamy?<\/strong>&nbsp;<\/p>\n\n\n\n<p>Nasza strona korzysta z:&nbsp;<\/p>\n\n\n\n<ul class=\"wp-block-list\">\n<li>Techniczne pliki cookie&nbsp;<\/li>\n<\/ul>\n\n\n\n<p>Te pliki cookie s\u0105 wykorzystywane wy\u0142\u0105cznie w celu przesy\u0142ania okre\u015blonych informacji w sieci \u0142\u0105czno\u015bci elektronicznej lub jako \u015bci\u015ble niezb\u0119dne dla dostawcy us\u0142ugi informacyjnej w celu \u015bwiadczenia us\u0142ug \u017c\u0105danych wyra\u017anie przez abonenta lub u\u017cytkownika.&nbsp;<\/p>\n\n\n\n<p><strong>Jak u\u017cywamy plik\u00f3w cookie?<\/strong>&nbsp;<\/p>\n\n\n\n<p>Nasze Stowarzyszenie wykorzystuje techniczne pliki cookie, aby\u015bmy mogli:&nbsp;<\/p>\n\n\n\n<ul class=\"wp-block-list\">\n<li>Przeprowadzenie wewn\u0119trznych bada\u0144 dotycz\u0105cych tego, w jaki spos\u00f3b mo\u017cemy ulepszy\u0107 us\u0142ugi \u015bwiadczone wszystkim naszym u\u017cytkownikom;&nbsp;<\/li>\n\n\n\n<li>Ocena sposobu interakcji u\u017cytkownika z nasz\u0105 witryn\u0105;&nbsp;<\/li>\n<\/ul>\n\n\n\n<p><strong>Jak zarz\u0105dza\u0107 plikami cookie<\/strong>&nbsp;<\/p>\n\n\n\n<p>Mo\u017cesz ustawi\u0107 swoj\u0105 przegl\u0105dark\u0119 tak, aby nie akceptowa\u0142a plik\u00f3w cookie, a baner plik\u00f3w cookie informuje, jak usun\u0105\u0107 pliki cookie z przegl\u0105darki. Jednak w kilku przypadkach niekt\u00f3re funkcje naszej witryny mog\u0105 nie dzia\u0142a\u0107.&nbsp;<\/p>\n\n\n\n<p><strong>Polityka prywatno\u015bci innych stron internetowych<\/strong>&nbsp;<\/p>\n\n\n\n<p><strong>ECOSCAPE<\/strong> Witryna zawiera \u0142\u0105cza do innych witryn. Nasza polityka prywatno\u015bci dotyczy wy\u0142\u0105cznie naszej witryny, wi\u0119c je\u015bli klikniesz \u0142\u0105cze do innej witryny, powiniene\u015b zapozna\u0107 si\u0119 z jej polityk\u0105 prywatno\u015bci.&nbsp;<\/p>\n\n\n\n<p><strong>Zmiany w naszej Polityce prywatno\u015bci<\/strong>&nbsp;<\/p>\n\n\n\n<p class=\"translation-block\">Niniejsze powiadomienie podlega regularnym przegl\u0105dom. Wszelkie zmiany w niniejszej informacji b\u0119d\u0105 publikowane <strong>na tej stronie<\/strong> oraz, w stosownych przypadkach, przekazywane u\u017cytkownikowi poczt\u0105 elektroniczn\u0105 lub tradycyjn\u0105, tak aby u\u017cytkownik by\u0142 zawsze \u015bwiadomy sposobu, w jaki wykorzystujemy jego dane.<\/p>\n\n\n\n<p><strong>Jak si\u0119 z nami skontaktowa\u0107<\/strong>&nbsp;<\/p>\n\n\n\n<p>Je\u015bli masz jakiekolwiek pytania dotycz\u0105ce naszej Polityki prywatno\u015bci, przechowywanych przez nas danych lub chcesz skorzysta\u0107 z jednego ze swoich praw do ochrony danych, skontaktuj si\u0119 z nami&nbsp;<\/p>\n\n\n\n<p>Napisz do nas na adres kontakt@upwr.edu.pl&nbsp;<\/p>\n\n\n\n<p>Lub napisz do nas na adres:Uniwersytet Przyrodniczy we Wroc\u0142awiu (UPWr)&nbsp;<\/p>\n\n\n\n<p>ul. Norwida 25, Wroc\u0142aw, Polska&nbsp;<\/p>","protected":false},"excerpt":{"rendered":"<p>Our privacy policy&nbsp; Art. 13 Regulation UE GDPR 2016\/679&nbsp; Personal data shall be collected and processed according to art. 13 of EU Regulation 2016\/679 to guarantee that data processing is&#8230;<\/p>","protected":false},"author":1,"featured_media":0,"parent":0,"menu_order":0,"comment_status":"closed","ping_status":"closed","template":"","meta":{"_EventAllDay":false,"_EventTimezone":"","_EventStartDate":"","_EventEndDate":"","_EventStartDateUTC":"","_EventEndDateUTC":"","_EventShowMap":false,"_EventShowMapLink":false,"_EventURL":"","_EventCost":"","_EventCostDescription":"","_EventCurrencySymbol":"","_EventCurrencyCode":"","_EventCurrencyPosition":"","_EventDateTimeSeparator":"","_EventTimeRangeSeparator":"","_EventOrganizerID":[],"_EventVenueID":[],"_OrganizerEmail":"","_OrganizerPhone":"","_OrganizerWebsite":"","_VenueAddress":"","_VenueCity":"","_VenueCountry":"","_VenueProvince":"","_VenueState":"","_VenueZip":"","_VenuePhone":"","_VenueURL":"","_VenueStateProvince":"","_VenueLat":"","_VenueLng":"","_VenueShowMap":false,"_VenueShowMapLink":false,"_kadence_starter_templates_imported_post":false,"_kad_post_transparent":"","_kad_post_title":"","_kad_post_layout":"","_kad_post_sidebar_id":"","_kad_post_content_style":"","_kad_post_vertical_padding":"","_kad_post_feature":"","_kad_post_feature_position":"","_kad_post_header":false,"_kad_post_footer":false,"footnotes":""},"class_list":["post-1432","page","type-page","status-publish","hentry"],"_links":{"self":[{"href":"https:\/\/ecoscape-project.eu\/pl\/wp-json\/wp\/v2\/pages\/1432","targetHints":{"allow":["GET"]}}],"collection":[{"href":"https:\/\/ecoscape-project.eu\/pl\/wp-json\/wp\/v2\/pages"}],"about":[{"href":"https:\/\/ecoscape-project.eu\/pl\/wp-json\/wp\/v2\/types\/page"}],"author":[{"embeddable":true,"href":"https:\/\/ecoscape-project.eu\/pl\/wp-json\/wp\/v2\/users\/1"}],"replies":[{"embeddable":true,"href":"https:\/\/ecoscape-project.eu\/pl\/wp-json\/wp\/v2\/comments?post=1432"}],"version-history":[{"count":7,"href":"https:\/\/ecoscape-project.eu\/pl\/wp-json\/wp\/v2\/pages\/1432\/revisions"}],"predecessor-version":[{"id":1504,"href":"https:\/\/ecoscape-project.eu\/pl\/wp-json\/wp\/v2\/pages\/1432\/revisions\/1504"}],"wp:attachment":[{"href":"https:\/\/ecoscape-project.eu\/pl\/wp-json\/wp\/v2\/media?parent=1432"}],"curies":[{"name":"wp","href":"https:\/\/api.w.org\/{rel}","templated":true}]}}