{"id":1480,"date":"2025-08-29T11:09:00","date_gmt":"2025-08-29T11:09:00","guid":{"rendered":"https:\/\/ecoscape-project.eu\/?page_id=1480"},"modified":"2025-08-29T12:20:58","modified_gmt":"2025-08-29T12:20:58","slug":"cookie-policy","status":"publish","type":"page","link":"https:\/\/ecoscape-project.eu\/pl\/cookie-policy\/","title":{"rendered":"Polityka dotycz\u0105ca plik\u00f3w cookie"},"content":{"rendered":"<style>.wp-block-kadence-spacer.kt-block-spacer-1480_a2146c-8c .kt-block-spacer{height:60px;}.wp-block-kadence-spacer.kt-block-spacer-1480_a2146c-8c .kt-divider{border-top-width:1px;height:1px;border-top-color:#eee;width:80%;border-top-style:solid;}<\/style>\n<div class=\"wp-block-kadence-spacer aligncenter kt-block-spacer-1480_a2146c-8c\"><div class=\"kt-block-spacer kt-block-spacer-halign-center\"><hr class=\"kt-divider\"\/><\/div><\/div>\n\n\n<style>.wp-block-kadence-spacer.kt-block-spacer-1480_e0859a-9c .kt-block-spacer{height:60px;}.wp-block-kadence-spacer.kt-block-spacer-1480_e0859a-9c .kt-divider{border-top-width:1px;height:1px;border-top-color:#eee;width:80%;border-top-style:solid;}<\/style>\n<div class=\"wp-block-kadence-spacer aligncenter kt-block-spacer-1480_e0859a-9c\"><div class=\"kt-block-spacer kt-block-spacer-halign-center\"><hr class=\"kt-divider\"\/><\/div><\/div>\n\n\n\n<p><strong>Polityka dotycz\u0105ca plik\u00f3w cookie<\/strong>&nbsp;<\/p>\n\n\n\n<p>U\u017cywamy plik\u00f3w cookie i podobnych technologii na tej stronie, aby zapewni\u0107 funkcjonalno\u015b\u0107, poprawi\u0107 komfort u\u017cytkowania i analizowa\u0107 ruch na stronie zgodnie z og\u00f3lnym rozporz\u0105dzeniem o ochronie danych (UE) 2016\/679 (RODO).&nbsp;<\/p>\n\n\n\n<p><strong>1. Czym s\u0105 pliki cookie?<\/strong>&nbsp;<\/p>\n\n\n\n<p>Pliki cookie to ma\u0142e pliki tekstowe przechowywane na urz\u0105dzeniu u\u017cytkownika podczas odwiedzania strony internetowej. Pomagaj\u0105 one zapami\u0119ta\u0107 dzia\u0142ania i preferencje u\u017cytkownika, umo\u017cliwiaj\u0105c korzystanie z podstawowych funkcji witryny i funkcji analitycznych.&nbsp;<\/p>\n\n\n\n<p><strong>2. Jakie rodzaje plik\u00f3w cookie mo\u017cemy wykorzystywa\u0107<\/strong>&nbsp;<\/p>\n\n\n\n<ul class=\"wp-block-list\">\n<li><strong>Niezb\u0119dne pliki cookie<\/strong> - Wymagane do podstawowego dzia\u0142ania witryny (np. bezpiecze\u0144stwa, nawigacji). Nie wymagaj\u0105 one zgody u\u017cytkownika.&nbsp;<\/li>\n<\/ul>\n\n\n\n<ul class=\"wp-block-list\">\n<li><strong>Funkcjonalne pliki cookie<\/strong> - Zwi\u0119kszenie u\u017cyteczno\u015bci i zapami\u0119tywanie preferencji u\u017cytkownika (wymaga zgody).&nbsp;<\/li>\n<\/ul>\n\n\n\n<ul class=\"wp-block-list\">\n<li><strong>Analityczne pliki cookie<\/strong> - Zbieranie zagregowanych i anonimowych danych w celu zrozumienia sposobu korzystania z witryny (wymaga zgody).&nbsp;<\/li>\n<\/ul>\n\n\n\n<ul class=\"wp-block-list\">\n<li><strong>Pliki cookie stron trzecich<\/strong> - Ustawione przez us\u0142ugi takie jak YouTube, Google Analytics, WP Statistics, LearnPress lub podobne wtyczki. Us\u0142ugi te mog\u0105 przetwarza\u0107 dane u\u017cytkownika poza UE\/EOG zgodnie z ich w\u0142asnymi politykami prywatno\u015bci i plik\u00f3w cookie.<img decoding=\"async\" src=\"blob:https:\/\/ecoscape-project.eu\/7e488ff4-60c5-403b-a63f-60efba8cabb8\" alt=\"Shape, Picture\">&nbsp;<\/li>\n<\/ul>\n\n\n\n<p><strong>3. Zarz\u0105dzanie zgod\u0105 na pliki cookie (za po\u015brednictwem CookieYes)<\/strong>&nbsp;<\/p>\n\n\n\n<p>U\u017cywamy <strong>CookieYes<\/strong> do zarz\u0105dzania zgod\u0105 na pliki cookie zgodnie z wymogami RODO. Baner plik\u00f3w cookie umo\u017cliwia:&nbsp;<\/p>\n\n\n\n<ul class=\"wp-block-list\">\n<li>Akceptowanie lub odrzucanie nieistotnych plik\u00f3w cookie&nbsp;<\/li>\n<\/ul>\n\n\n\n<ul class=\"wp-block-list\">\n<li>Wy\u015bwietl szczeg\u00f3\u0142owe informacje o ka\u017cdej kategorii plik\u00f3w cookie&nbsp;<\/li>\n<\/ul>\n\n\n\n<ul class=\"wp-block-list\">\n<li>Zmiana preferencji w dowolnym momencie&nbsp;<\/li>\n<\/ul>\n\n\n\n<p>Preferencjami dotycz\u0105cymi plik\u00f3w cookie mo\u017cna zarz\u0105dza\u0107 w dowolnym momencie, klikaj\u0105c przycisk <strong>\"Ustawienia plik\u00f3w cookie\"<\/strong> dost\u0119pny na stronie internetowej.&nbsp;<\/p>\n\n\n\n<p>Twoja zgoda na pliki cookie b\u0119dzie przechowywana przez 12 miesi\u0119cy, chyba \u017ce wyczy\u015bcisz pami\u0119\u0107 podr\u0119czn\u0105 przegl\u0105darki lub r\u0119cznie zaktualizujesz swoje preferencje.&nbsp;<\/p>\n\n\n\n<p><strong>4. Zarz\u0105dzanie plikami cookie przez przegl\u0105dark\u0119<\/strong>&nbsp;<\/p>\n\n\n\n<p>Wi\u0119kszo\u015b\u0107 przegl\u0105darek umo\u017cliwia kontrolowanie lub wy\u0142\u0105czanie plik\u00f3w cookie za pomoc\u0105 ustawie\u0144. Nale\u017cy pami\u0119ta\u0107, \u017ce zablokowanie niekt\u00f3rych rodzaj\u00f3w plik\u00f3w cookie mo\u017ce wp\u0142yn\u0105\u0107 na wydajno\u015b\u0107 lub funkcjonalno\u015b\u0107 witryny.&nbsp;<\/p>\n\n\n\n<p><strong>5. Aktualizacje<\/strong>&nbsp;<\/p>\n\n\n\n<p>Niniejsza Polityka dotycz\u0105ca plik\u00f3w cookie mo\u017ce by\u0107 aktualizowana w celu odzwierciedlenia zmian w technologii, przepisach prawnych lub funkcjach witryny. Wszelkie zmiany b\u0119d\u0105 publikowane na tej stronie.&nbsp;<\/p>\n\n\n\n<p><strong>6. Kontakt<\/strong>&nbsp;<\/p>\n\n\n\n<p>Wi\u0119cej informacji na temat korzystania przez nas z plik\u00f3w cookie lub sposobu przetwarzania przez nas danych osobowych mo\u017cna znale\u017a\u0107 na stronie <a href=\"https:\/\/ecoscape-project.eu\/pl\/privacy-policy\/\" data-type=\"page\" data-id=\"1432\">Polityka prywatno\u015bci <\/a> lub <a href=\"https:\/\/ecoscape-project.eu\/pl\/contact\/\" data-type=\"page\" data-id=\"948\">Skontaktuj si\u0119 z nami<\/a> za po\u015brednictwem informacji podanych na tej stronie.&nbsp;<\/p>","protected":false},"excerpt":{"rendered":"<p>Cookie Policy&nbsp; We use cookies and similar technologies on this website to ensure functionality, improve user experience, and analyze website traffic in accordance with the General Data Protection Regulation (EU)&#8230;<\/p>","protected":false},"author":1,"featured_media":0,"parent":0,"menu_order":0,"comment_status":"closed","ping_status":"closed","template":"","meta":{"_EventAllDay":false,"_EventTimezone":"","_EventStartDate":"","_EventEndDate":"","_EventStartDateUTC":"","_EventEndDateUTC":"","_EventShowMap":false,"_EventShowMapLink":false,"_EventURL":"","_EventCost":"","_EventCostDescription":"","_EventCurrencySymbol":"","_EventCurrencyCode":"","_EventCurrencyPosition":"","_EventDateTimeSeparator":"","_EventTimeRangeSeparator":"","_EventOrganizerID":[],"_EventVenueID":[],"_OrganizerEmail":"","_OrganizerPhone":"","_OrganizerWebsite":"","_VenueAddress":"","_VenueCity":"","_VenueCountry":"","_VenueProvince":"","_VenueState":"","_VenueZip":"","_VenuePhone":"","_VenueURL":"","_VenueStateProvince":"","_VenueLat":"","_VenueLng":"","_VenueShowMap":false,"_VenueShowMapLink":false,"_kadence_starter_templates_imported_post":false,"_kad_post_transparent":"","_kad_post_title":"","_kad_post_layout":"","_kad_post_sidebar_id":"","_kad_post_content_style":"","_kad_post_vertical_padding":"","_kad_post_feature":"","_kad_post_feature_position":"","_kad_post_header":false,"_kad_post_footer":false,"footnotes":""},"class_list":["post-1480","page","type-page","status-publish","hentry"],"_links":{"self":[{"href":"https:\/\/ecoscape-project.eu\/pl\/wp-json\/wp\/v2\/pages\/1480","targetHints":{"allow":["GET"]}}],"collection":[{"href":"https:\/\/ecoscape-project.eu\/pl\/wp-json\/wp\/v2\/pages"}],"about":[{"href":"https:\/\/ecoscape-project.eu\/pl\/wp-json\/wp\/v2\/types\/page"}],"author":[{"embeddable":true,"href":"https:\/\/ecoscape-project.eu\/pl\/wp-json\/wp\/v2\/users\/1"}],"replies":[{"embeddable":true,"href":"https:\/\/ecoscape-project.eu\/pl\/wp-json\/wp\/v2\/comments?post=1480"}],"version-history":[{"count":2,"href":"https:\/\/ecoscape-project.eu\/pl\/wp-json\/wp\/v2\/pages\/1480\/revisions"}],"predecessor-version":[{"id":1491,"href":"https:\/\/ecoscape-project.eu\/pl\/wp-json\/wp\/v2\/pages\/1480\/revisions\/1491"}],"wp:attachment":[{"href":"https:\/\/ecoscape-project.eu\/pl\/wp-json\/wp\/v2\/media?parent=1480"}],"curies":[{"name":"wp","href":"https:\/\/api.w.org\/{rel}","templated":true}]}}